{"id":39,"date":"2017-03-14T11:27:02","date_gmt":"2017-03-14T10:27:02","guid":{"rendered":"http:\/\/www.irla.cat\/casairla\/?page_id=39"},"modified":"2020-01-14T12:51:42","modified_gmt":"2020-01-14T11:51:42","slug":"presentacio","status":"publish","type":"page","link":"https:\/\/irla.cat\/casairla\/presentacio\/","title":{"rendered":"Presentaci\u00f3"},"content":{"rendered":"<p class=\"p1\">Els catalans com el president Irla, que ha donat el millor de la seva vida per fer triomfar els ideals de llibertat, no seran mai prou estimats, car la seva fidelitat al seu poble ser\u00e0 sempre un exemple a recordar i a seguir.<\/p>\n<p class=\"p1\">Crec que la caracter\u00edstica m\u00e9s rellevant del president Irla fou, justament, aquesta fidelitat a Catalunya. La seva acci\u00f3, despullada de tota ambici\u00f3 personal i consagrada sempre a mantenir i a defensar els seus fervorosos anhels de veure una Catalunya governada tal com el desitjava, sempre ser\u00e0 recordada amb agra\u00efment.<\/p>\n<p class=\"p1\">No ser\u00e0 per dem\u00e9s recordar, ara, amb \u00edntima satisfacci\u00f3, que el les hores m\u00e9s dram\u00e0tiques del nostre pa\u00eds, en el qual mentres uns tra\u00efen els altres desertaven, ell amb una serenitat amarada de patriotisme i tenint clara consci\u00e8ncia de la situaci\u00f3 en qu\u00e8 es trobava, en tot moment tingu\u00e9 una dign\u00edssima actitud i en cap instant va desertar del seu lloc. Tot al contrari, sempre va servir lleialment a Catalunya.<\/p>\n<p class=\"p1\">Catalanista, republic\u00e0 i home abrandat d\u2019ideals francs i generosos, el president Irla fou l\u2019afirmaci\u00f3 constant de la nostra resolta voluntat de restaurar les nostres Institucions nacionals i tothora va testimoniar per les seves paraules i sacrificis, la seva ferma decisi\u00f3 de no renunciar a cap dels nostres drets. \u00c9s per aquesta noble i alli\u00e7onada actitud i conducta que els catalans li devem profund reconeixement.<\/p>\n<p>Barcelona, 21 de setembre de 1981<br \/>Josep Tarradellas i Joan<br \/>Expresident de la Generalitat de Catalunya<\/p>\n<hr \/>\n<p>\u00a0<\/p>\n\n\n<p><strong>Josep Irla i Bosch<\/strong><\/p>\n<p class=\"p1\"><em>Josep Irla i Bosch (Sant Feliu de Gu\u00edxols, 24 d&#8217;octubre de 1876 \u2013 Sant Raf\u00e8u, Proven\u00e7a, 19 de setembre de 1958) fou un empresari i pol\u00edtic catal\u00e0, i 124\u00e8 president de la Generalitat de Catalunya (1940\u20131954) en l&#8217;exili.<\/em><\/p>\n<p><img loading=\"lazy\" decoding=\"async\" class=\"alignleft size-full wp-image-1078\" src=\"https:\/\/irla.cat\/casairla\/wp-content\/uploads\/2020\/01\/Josep-Irla-01.jpg\" alt=\"\" width=\"480\" height=\"614\" srcset=\"https:\/\/irla.cat\/casairla\/wp-content\/uploads\/2020\/01\/Josep-Irla-01.jpg 480w, https:\/\/irla.cat\/casairla\/wp-content\/uploads\/2020\/01\/Josep-Irla-01-235x300.jpg 235w\" sizes=\"auto, (max-width: 480px) 100vw, 480px\" \/>Josep va ser el m\u00e9s gran dels tres fills de Josep Irla i Rovira i Rita Bosch i Anglada. Amb els altres germans -Francesc (1881-1961) i Nicolau (1886-1943)- va tenir sempre una estreta relaci\u00f3, amb els quals compartia activitats econ\u00f2miques i pol\u00edtiques.<\/p>\n<p>El pare, que primer havia treballat com a obrer en la ind\u00fastria de fabricaci\u00f3 de taps de suro, va obrir despr\u00e9s una taverna. De traject\u00f2ria republicana federal, va ser elegit diputat provincial diverses vegades pel districte de la Bisbal.<\/p>\n<p>Va fer els seus primers estudis a Sant Feliu. De ben jove, i seguint la traject\u00f2ria familiar, s&#8217;identific\u00e0 amb el republicanisme federal, de manera que ell i son pare foren els impulsors del Centre Republic\u00e0 Federal Catal\u00e0, de Sant Feliu, i tamb\u00e9 membres de la l\u00f2gia ma\u00e7\u00f2nica local Ges\u00f2ria, mentre que el seu germ\u00e0 Francesc dirigia el setmanari\u00a0<em>El Programa<\/em>.<\/p>\n<p>Amb els seus germans inici\u00e0 activitats industrials i comercials des de Sant Feliu de Gu\u00edxols, amb la creaci\u00f3 de la societat Josep Irla i companyia, amb participaci\u00f3 de capital de tots tres germans i un paper m\u00e9s principal d&#8217;ell. Des d&#8217;aquesta base, obriren una f\u00e0brica de taps de suro, que amb els anys s&#8217;an\u00e0 ampliant; foren consignataris de vaixells i posteriorment propietaris d&#8217;una goleta, i feren un comer\u00e7 de vi i de suro amb Barcelona, i pogueren actuar com a agents de duanes. El 1902 es cas\u00e0 amb Flor\u00e8ncia Bas i Parent, tamb\u00e9 de Sant Feliu i membre d&#8217;una fam\u00edlia d&#8217;obrers tapers. La parella no tingu\u00e9 fills, per\u00f2 afill\u00e0 Encarnaci\u00f3 Pijoan, filla dels masovers d&#8217;una masia on passaven temporades, a causa de la malaltia de car\u00e0cter asm\u00e0tic que ell patia.<\/p>\n<p><img loading=\"lazy\" decoding=\"async\" class=\"size-full wp-image-1080 alignright\" src=\"https:\/\/irla.cat\/casairla\/wp-content\/uploads\/2020\/01\/Josep-Irla-03.jpg\" alt=\"\" width=\"217\" height=\"275\" \/>En l&#8217;\u00e0mbit pol\u00edtic, an\u00e0 consolidant la seva posici\u00f3 en l&#8217;espai republic\u00e0 federal i catalanista.<\/p>\n<p>Inici\u00e0 la seva traject\u00f2ria en c\u00e0rrecs d&#8217;elecci\u00f3 arran de les eleccions municipals de 1905, en qu\u00e8 fou elegit regidor de l&#8217;Ajuntament de Sant Feliu de Gu\u00edxols com a membre d&#8217;una candidatura que aplegava federals i catalanistes, i pass\u00e0 a ser segon tinent d&#8217;alcalde i membre de la Comissi\u00f3 de Governaci\u00f3 i alcalde accidental l&#8217;any seg\u00fcent.<\/p>\n<p>Des de l&#8217;alcaldia, intervingu\u00e9 en els serveis i les obres d&#8217;inter\u00e8s p\u00fablic, la promoci\u00f3 de la cultura popular i l&#8217;assist\u00e8ncia social, i f\u00e9u front amb habilitat a les destrosses patides pel municipi en els aiguats de la tardor de 1908.<\/p>\n<p>Elegit novament a les eleccions municipals de 1909 i atenent que en aquesta ocasi\u00f3 l&#8217;alcalde no es nomenava per decret des del govern espanyol, va passar a ocupar aquest lloc (del juliol fins al novembre de 1909), fins que -ara s\u00ed- el govern en nomen\u00e0 un, de manera que aleshores qued\u00e0 ell com a regidor.<\/p>\n<p>Al principi de 1911, va participar en la constituci\u00f3 de la Uni\u00f3 Federal Nacionalista Republicana a les comarques de Girona i fou president de l&#8217;agrupaci\u00f3 local. Arran de la mort del seu pare, aleshores diputat provincial i que tingu\u00e9 lloc l&#8217;abril seg\u00fcent, es present\u00e0 a l&#8217;elecci\u00f3 provincial parcial que es convoc\u00e0 per a cobrir la vacant pel districte de la Bisbal, i aconsegu\u00ed el nomenament sense elecci\u00f3, per manca de contrincants.<\/p>\n<p>A les eleccions provincials de 1913 va ser elegit novament, aix\u00ed com a les successives fins al 1923, amb l&#8217;arribada de la dictadura de Primo de Rivera, sempre pel districte de la Bisbal. Pol\u00edticament, primer se situ\u00e0 a la UFNR i, despr\u00e9s de la crisi d&#8217;aquesta, s&#8217;acost\u00e0 al Partit Republic\u00e0 Catal\u00e0. Integrat com a diputat provincial a l&#8217;Assemblea General de la Mancomunitat, form\u00e0 part de diverses comissions i va ser membre del comit\u00e8 directiu de la Caixa de Cr\u00e8dit Comunal.<\/p>\n<p>El 1923 va ser un dels fundadors del Partit Republic\u00e0 Federal Nacionalista de les Comarques Gironines i form\u00e0 part del seu directori. Amb la liquidaci\u00f3 de les institucions feta per la dictadura, es concentr\u00e0 en els seus negocis sense deixar de mantenir una certa activitat pol\u00edtica, sempre dins de les minvades possibilitats d&#8217;actuaci\u00f3 del per\u00edode.<\/p>\n<p><strong>La Rep\u00fablica i la Guerra Civil (1931-1939)<\/strong><\/p>\n<p>Amb la proclamaci\u00f3 de la Rep\u00fablica, va ser nomenat vocal de la Comissi\u00f3 Provincial Provisional de Girona i, immediatament despr\u00e9s, comissari delegat del Govern de la Generalitat Provisional a Girona (abril 1931\/febrer 1933, amb una renovaci\u00f3 l&#8217;octubre de 1932), c\u00e0rrec creat per a exercir les funcions executives de la desapareguda Comissi\u00f3 Provincial.<\/p>\n<p>Des d&#8217;aquest lloc, afavor\u00ed l&#8217;ensenyament i la cultura, sobretot els adre\u00e7ats als sectors populars; impuls\u00e0 l&#8217;\u00fas del catal\u00e0 a les administracions; renov\u00e0 les actuacions destinades a la restauraci\u00f3 de monuments arquel\u00f2gics; s&#8217;interess\u00e0 per l&#8217;assist\u00e8ncia social, amb actuacions diverses, i desenvolup\u00e0 obres p\u00fabliques de baix cost -atesa la migradesa de recursos pressupostaris- per\u00f2 de gran impacte en amplis sectors de la poblaci\u00f3, particularment els allunyats dels centres urbans; tot plegat amb una acurada gesti\u00f3 econ\u00f2mica que refermava la seva condici\u00f3 de bon gestor, ja iniciada en el seu municipi.<\/p>\n<p>Al mateix temps, a les eleccions de 1931 per constituir la Diputaci\u00f3 Provisional encarregada de preparar l&#8217;avantprojecte d&#8217;Estatut, va ser elegit pel districte de la Bisbal en una candidatura propera a Esquerra Republicana de Catalunya, on pass\u00e0 a ocupar la vicepresid\u00e8ncia. Com a comissari delegat i com a vicepresident de la Diputaci\u00f3 Provisional, va desenvolupar un pla de propaganda a favor de l&#8217;Estatut a les comarques gironines.<\/p>\n<p>\u00a0<\/p>\n<p>Al comen\u00e7ament de 1932, cre\u00e0 i dirig\u00ed el Partit Republic\u00e0 Federal del Baix Empord\u00e0, agrupaci\u00f3 comarcal creada b\u00e0sicament per a formalitzar una adhesi\u00f3 col\u00b7lectiva a Esquerra en el primer Congr\u00e9s Nacional ordinari d&#8217;aquesta formaci\u00f3, celebrat el febrer d&#8217;aquell any, tot i que a la pr\u00e0ctica aquesta integraci\u00f3 ja feia mesos que funcionava. A les eleccions per formar el Parlament de Catalunya d&#8217;aquest mateix 1932, encap\u00e7al\u00e0 la candidatura d&#8217;Esquerra per Girona i obtingu\u00e9 un important triomf, fins al punt de ser el candidat proporcionalment m\u00e9s votat de tot Catalunya. Com a diputat, va ser membre de la Diputaci\u00f3 Permanent, de les comissions permanents d&#8217;Obres P\u00fabliques i de Sanitat, i de les comissions de Pressupostos i de Llei Municipal.<\/p>\n<p>Va ser nomenat conseller de Governaci\u00f3 en el govern de Maci\u00e0, constitu\u00eft el 24 de gener de 1933, per\u00f2 un empitjorament de la seva afecci\u00f3 cr\u00f2nica l&#8217;imped\u00ed ocupar el c\u00e0rrec i fou substitu\u00eft despr\u00e9s d&#8217;uns dies per Joan Selves. Poc despr\u00e9s, va ser rellevat tamb\u00e9 del seu c\u00e0rrec de comissari delegat. Ja restablert, va passar a ser director general d&#8217;Ind\u00fastria (juliol-octubre de 1933), dependent del Ministeri d&#8217;Ind\u00fastria i Comer\u00e7 del govern espanyol, en dos governs successius: els presidits per Manuel Aza\u00f1a i per Alejandro Lerroux, i fou destitu\u00eft despr\u00e9s de l&#8217;entrada de Diego Mart\u00ednez Barrio.<\/p>\n<p>L&#8217;estiu de 1933 s&#8217;incorpor\u00e0 als organismes creats per al desenvolupament de l&#8217;\u00e0rea d&#8217;Assist\u00e8ncia Social, despr\u00e9s que la Generalitat reb\u00e9s les transfer\u00e8ncies en aquest \u00e0mbit. Primer amb Josep Denc\u00e0s com a conseller de Sanitat i d&#8217;Assist\u00e8ncia Social, en l&#8217;etapa del president Maci\u00e0, i despr\u00e9s amb els seus successors, ja amb Companys, va ser cap dels Serveis d&#8217;Assist\u00e8ncia Social i despr\u00e9s director general. Des d&#8217;aquest c\u00e0rrec, va projectar actuacions ambicioses en \u00e0mbits com el tractament de malalts amb rebuig social, la prevenci\u00f3 de riscos en la inf\u00e0ncia o l&#8217;atenci\u00f3 als jubilats sense recursos, per\u00f2 tamb\u00e9 la seva implantaci\u00f3 en tot el territori catal\u00e0. Va ser tamb\u00e9 vocal del Consell de les Caixes d&#8217;Estalvi. Els Fets d&#8217;Octubre de 1934, amb la suspensi\u00f3 de l&#8217;Estatut i l&#8217;empresonament del govern catal\u00e0, varen deixar la seva actuaci\u00f3 pol\u00edtica en suspens durant el seg\u00fcent any i mig.<\/p>\n<p>Amb la restituci\u00f3 del Govern, el mar\u00e7 de 1936 recuper\u00e0 el seu lloc de director general. L&#8217;inici de la Guerra Civil torn\u00e0 a dificultar la seva actuaci\u00f3. En els primers dies, mentre el conseller d&#8217;aquells moments, Manuel Corachan, es dedicava de ple a l&#8217;organitzaci\u00f3 de l&#8217;Hospital General de Catalunya, ell assum\u00ed de fet la direcci\u00f3 de la Conselleria. Amb les successives remodelacions del Govern es mantingu\u00e9 en el c\u00e0rrec, per\u00f2 present\u00e0 la seva dimissi\u00f3 davant el nomenament de conseller d&#8217;Antoni Garcia, representant de la CNT, a finals de setembre.<\/p>\n<p>Poc despr\u00e9s, l&#8217;octubre de 1936, va ser nomenat sotssecretari de la Conselleria de Cultura, un c\u00e0rrec de nova creaci\u00f3, amb Ventura Gassol com a conseller, per\u00f2 coincidint amb la sortida d&#8217;aquest de Catalunya, davant el perill de ser v\u00edctima d&#8217;un atemptat. Per aix\u00f2, hagu\u00e9 d&#8217;ampliar la seva funci\u00f3 i treball\u00e0 pel funcionament dels centres d&#8217;ensenyament i de les biblioteques i per la preservaci\u00f3 del patrimoni arqueol\u00f2gic i art\u00edstic de Catalunya.<\/p>\n<p>El gener de 1937, just despr\u00e9s que Josep Tarradellas publiqu\u00e9s els decrets amb els quals es pretenia controlar i normativitzar tot l&#8217;aparell financer de la Generalitat, va ser nomenat director general de Patrimoni i Rendes, un c\u00e0rrec tamb\u00e9 nou per\u00f2 a m\u00e9s molt complex en un per\u00edode d&#8217;excepcionalitat pol\u00edtica, que posava a prova una vegada m\u00e9s les seves condicions de gestor.<\/p>\n<p>L&#8217;1 d&#8217;octubre de 1938, amb una part del territori catal\u00e0 ja ocupat per les tropes franquistes i amb la immin\u00e8ncia d&#8217;una desfeta completa, accept\u00e0 la responsabilitat de convertir-se en president del Parlament de Catalunya i fou elegit en la darrera sessi\u00f3 que aquest celebr\u00e0.<\/p>\n<p><strong>L&#8217;exili, la presid\u00e8ncia de la Generalitat i els darrers anys (1939-1958)<\/strong><\/p>\n<p>A finals de gener de 1939, com la resta d&#8217;autoritats catalanes, iniciava el seu exili. Amb 62 anys, va passar a territori franc\u00e8s amb la seva esposa, l&#8217;afillada, germans i nebots, per\u00f2 sense cap dels seus b\u00e9ns, que quedaven a Sant Feliu i que posteriorment serien incautats per les autoritats franquistes. Va viure un temps al Vol\u00f3 i s&#8217;instal\u00b7l\u00e0 despr\u00e9s a Ceret, on va poder reprendre el comer\u00e7 del suro. El 1940 va ser detingut per les autoritats franceses de Vichy i confinat a Le Mans, d&#8217;on va poder evadir-se i va retornar a Ceret.<\/p>\n<p>Amb l&#8217;afusellament del president Companys, l&#8217;octubre de 1940, refus\u00e0 d&#8217;emigrar a Am\u00e8rica i assum\u00ed la Presid\u00e8ncia de la Generalitat (des de l&#8217;octubre de 1940 fins a l&#8217;agost de 1954), c\u00e0rrec que li pertocava en tant que president del Parlament de Catalunya. Es trasllad\u00e0 aleshores a Cogolin, al departament del Var i m\u00e9s lluny de la frontera, on reprengu\u00e9 la fabricaci\u00f3 de taps de suro, una activitat que li subministr\u00e0 els anys seg\u00fcents els recursos necessaris per a sobreviure.<\/p>\n<p>Els primers anys del seu mandat estigueren marcats per un context enormement advers, amb fortes limitacions per a una m\u00ednima actuaci\u00f3 institucional, derivades de la Segona Guerra Mundial en curs; la di\u00e0spora dels exiliats catalans i el perill permanent per als que es mantenien en territori franc\u00e8s; les diverg\u00e8ncies estrat\u00e8giques no ja dins de les forces republicanes, sin\u00f3 dins de la mateixa Esquerra, juntament amb la migradesa de recursos econ\u00f2mics.<\/p>\n<p>Un cop allunyada la guerra del territori franc\u00e8s, nomen\u00e0 a principis de 1945 un Consell Assessor de la Presid\u00e8ncia de la Generalitat, que prengu\u00e9 possessi\u00f3 el gener seg\u00fcent, amb la funci\u00f3 de preparar les tasques d&#8217;un futur govern catal\u00e0 i que estava estructurat per departaments governamentals. El setembre de 1945 nomen\u00e0 el Govern de la Generalitat a l&#8217;exili, format per personalitats, tot i que sense carteres espec\u00edfiques, i que fou l&#8217;\u00fanic que exist\u00ed. La incorporaci\u00f3 de Carles Pi i Sunyer, fins aleshores impulsor del Consell Nacional de Catalunya de Londres, permet\u00e9 tancar definitivament la dualitat que havia existit els anys anteriors entre aquest organisme (que es considerava successor del creat per Companys el 1940 a Par\u00eds i que havia defensat posicions m\u00e9s rupturistes) i la Presid\u00e8ncia i el seu entorn m\u00e9s immediat.<\/p>\n<p>Aquest govern (1945-1948), a banda de la continu\u00eftat institucional, intent\u00e0 treballar en el suport als catalans exiliats, en la defensa de la llengua catalana i en la divulgaci\u00f3 de la situaci\u00f3 de Catalunya a nivell internacional. En aquest sentit, Irla adre\u00e7\u00e0 el 1946 un memor\u00e0ndum a l&#8217;ONU per a denunciar l&#8217;actuaci\u00f3 de la dictadura franquista envers Catalunya. No obstant aix\u00f2, el creixent desenc\u00eds entre els sectors de l&#8217;exili catal\u00e0 que havien confiat que la fi de la Segona Guerra Mundial significaria la caiguda del r\u00e8gim franquista, en veure que aquest s&#8217;afian\u00e7ava cada cop m\u00e9s, unit a les dissensions pr\u00f2pies de la pol\u00edtica catalana, feren entrar en crisi aquest govern al final de 1947 i el president el dissolgu\u00e9 el gener seg\u00fcent. A partir d&#8217;aleshores, la representaci\u00f3 institucional de la Generalitat qued\u00e0 personalitzada en el seu president.<\/p>\n<p>Entre el 1948 i el 1954, Irla intent\u00e0 mantenir les actuacions esmentades, sempre amb uns recursos econ\u00f2mics escassos. L&#8217;abril de 1954 nomen\u00e0 Tarradellas, aleshores secretari general d&#8217;Esquerra, conseller primer. Poc despr\u00e9s, Irla prenia la decisi\u00f3 de renunciar al c\u00e0rrec. Amb 78 anys, se sentia &#8220;vell, malalt i pobre&#8221;, segons les seves pr\u00f2pies paraules. L&#8217;agost de 1954, els diputats del Parlament de Catalunya, reunits a l&#8217;ambaixada de la Rep\u00fablica espanyola a M\u00e8xic, elegiren Josep Tarradellas com a nou president de la Generalitat.<\/p>\n<p>Josep Irla, dotat d&#8217;un rostre de faccions dures, no va ser un gran orador ni un personatge carism\u00e0tic, per\u00f2 s\u00ed un pol\u00edtic gestor i eficient, de gran integritat, que sab\u00e9 connectar amb importants sectors de la societat catalana del moment (guany\u00e0 totes les eleccions, de divers nivell, a qu\u00e8 es present\u00e0) i que mantingu\u00e9 la continu\u00eftat de les institucions (primer la Presid\u00e8ncia del Parlament de Catalunya i despr\u00e9s la Generalitat) en uns moments d&#8217;enorme adversitat.<\/p>\n<p>El 1981 les seves restes foren traslladades a Barcelona i rebudes solemnement pels presidents Pujol i Barrera al Palau de la Generalitat, i van ser finalment enterrades a Sant Feliu de Gu\u00edxols. El 1997 es constitu\u00ed la Fundaci\u00f3 Josep Irla, vinculada a Esquerra, amb seu a Barcelona i una subseu a Sant Feliu de Gu\u00edxols, amb uns objectius de recerca hist\u00f2rica i de difusi\u00f3 del pensament pol\u00edtic.<\/p>\n","protected":false},"excerpt":{"rendered":"<p>Els catalans com el president Irla, que ha donat el millor de la seva vida per fer triomfar els ideals<\/p>\n","protected":false},"author":1,"featured_media":0,"parent":0,"menu_order":0,"comment_status":"closed","ping_status":"closed","template":"","meta":{"footnotes":""},"class_list":["post-39","page","type-page","status-publish","hentry"],"_links":{"self":[{"href":"https:\/\/irla.cat\/casairla\/wp-json\/wp\/v2\/pages\/39","targetHints":{"allow":["GET"]}}],"collection":[{"href":"https:\/\/irla.cat\/casairla\/wp-json\/wp\/v2\/pages"}],"about":[{"href":"https:\/\/irla.cat\/casairla\/wp-json\/wp\/v2\/types\/page"}],"author":[{"embeddable":true,"href":"https:\/\/irla.cat\/casairla\/wp-json\/wp\/v2\/users\/1"}],"replies":[{"embeddable":true,"href":"https:\/\/irla.cat\/casairla\/wp-json\/wp\/v2\/comments?post=39"}],"version-history":[{"count":3,"href":"https:\/\/irla.cat\/casairla\/wp-json\/wp\/v2\/pages\/39\/revisions"}],"predecessor-version":[{"id":1097,"href":"https:\/\/irla.cat\/casairla\/wp-json\/wp\/v2\/pages\/39\/revisions\/1097"}],"wp:attachment":[{"href":"https:\/\/irla.cat\/casairla\/wp-json\/wp\/v2\/media?parent=39"}],"curies":[{"name":"wp","href":"https:\/\/api.w.org\/{rel}","templated":true}]}}