{"id":2083,"date":"2023-09-05T12:35:00","date_gmt":"2023-09-05T10:35:00","guid":{"rendered":"https:\/\/irla.cat\/casairla\/?page_id=2083"},"modified":"2024-01-03T10:15:34","modified_gmt":"2024-01-03T09:15:34","slug":"2083-2","status":"publish","type":"page","link":"https:\/\/irla.cat\/casairla\/2083-2\/","title":{"rendered":""},"content":{"rendered":"\n<h2 class=\"wp-block-heading\"><strong>Cicle literari<\/strong><\/h2>\n\n\n\n<figure class=\"wp-block-table\"><table><tbody><tr><td>Dia<\/td><td>Hora<\/td><td>Acte<\/td><\/tr><tr><td>Dissabte 13 de<br>gener<\/td><td>19 h<\/td><td>Presentaci\u00f3 del llibre: &#8220;Seis a\u00f1os, una setencia&#8221; de Marta Serrano<\/td><\/tr><tr><td>Dissabte 20 de<br>gener<\/td><td>19 h<\/td><td>Presentaci\u00f3 del llibre: &#8220;Ava al parad\u00eds&#8221; de Mateu Ciurana<\/td><\/tr><tr><td>Dissabte 27 de<br>gener<\/td><td>19 h<\/td><td>Presentaci\u00f3 del llibre: &#8220;Digue&#8217;m Boig&#8221; de Roger de Gr\u00e0cia<\/td><\/tr><tr><td>Divendres 3 de febrer<\/td><td>19 h<\/td><td>Presentaci\u00f3 del llibre: &#8220;Jo vaig ser-hi, al Cap de Gos&#8221; de Jordi Molt\u00f3<\/td><\/tr><tr><td>Dissabte 2 de<br>mar\u00e7<\/td><td>19 h<\/td><td>Presentaci\u00f3 del llibre: &#8220;Dels farisols als p\u00f2dcasts: persuasi\u00f3 pol\u00edtica per a noves generacions&#8221; amb Teresa Ciges i Gabriel Rufi\u00e1n<\/td><\/tr><tr><td>Dissabte 16 de<br>mar\u00e7<\/td><td>19 h<\/td><td>Presentaci\u00f3 del llibre: &#8220;Fucking New York&#8221; de Laura Cal\u00e7ada<\/td><\/tr><tr><td>Dissabte 23 de mar\u00e7<\/td><td>19 h<\/td><td>Presentaci\u00f3 del llibre: &#8220;La ciudad oculta&#8221; amb Xavier LaCalle i Alfons Hereu<\/td><\/tr><tr><td>Dissabte 13 d\u2019abril<\/td><td>19 h<\/td><td>Presentaci\u00f3 del llibre: &#8220;L&#8217;any que vaig estimar Ava Gardner&#8221; de Jordi Soler<\/td><\/tr><tr><td>Dissabte 27 d\u2019abril<\/td><td>19 h<\/td><td>Presentaci\u00f3 del llibre: &#8220;Almenys, ja no ser\u00e0 aquesta nit&#8221; de F\u00e8lix Rueda<\/td><\/tr><\/tbody><\/table><\/figure>\n\n\n\n<h2 class=\"wp-block-heading\"><strong>Confer\u00e8ncia<\/strong><\/h2>\n\n\n\n<figure class=\"wp-block-table\"><table><tbody><tr><td>Dia<\/td><td>Hora<\/td><td>Acte<\/td><\/tr><tr><td>Divendres 26 de gener<\/td><td>19 h<\/td><td>&#8220;El fil de la mem\u00f2ria&#8221; amb Pilar Franc\u00e8s<\/td><\/tr><tr><td>Divendres 8 de mar\u00e7<\/td><td>19 h<\/td><td>&#8220;El vaixell de suro&#8221; amb Josep Almar (Ratpenat) i Elena Mart\u00ednez<\/td><\/tr><\/tbody><\/table><\/figure>\n\n\n\n<h2 class=\"wp-block-heading\"><strong>Centenari del cinema amteur 1923-2023<\/strong><\/h2>\n\n\n\n<figure class=\"wp-block-table\"><table><tbody><tr><td>Dia<\/td><td>Hora<\/td><td>Acte<\/td><\/tr><tr><td>Divendres 12 de gener<\/td><td>19 h<\/td><td>Projecci\u00f3 dels films:<br>Consumatum est &#8211; 1955<br>Hist\u00f2ria d&#8217;una cadira &#8211; 1957<br>Instante &#8211; 1968<br>La Porta &#8211; 1973<br>Pena, penita, pena &#8211; 1981<br>Fugit &#8211; 2016<br>Baraka &#8211; 2016<\/td><\/tr><tr><td>Divendres 2 de febrer<\/td><td>19 h<\/td><td>Projecci\u00f3 dels films:<br>Lina Esbrard &#8211; 1902<br>Una hist\u00f2ria rodada &#8211; 1906<br>Un viernes santo &#8211; 1960<br>El dies 11, miracle &#8211; 1976<br>Ascensi\u00f3, caiguda i rep\u00f3s de Maria von Herzog &#8211; 1986<br>Tablo-A &#8211; 2015<br>Tahrib &#8211; 2018<\/td><\/tr><\/tbody><\/table><\/figure>\n\n\n\n<figure class=\"wp-block-table\"><table><tbody><tr><td>Dia<\/td><td>Hora<\/td><td>Acte<\/td><\/tr><tr><td>Divendres 22 de mar\u00e7<\/td><td>19 h<\/td><td>Vida en sombras, de Lloren\u00e7 Llobet Gr\u00e0cia, &#8211; 1948<\/td><\/tr><\/tbody><\/table><\/figure>\n\n\n\n<figure class=\"wp-block-table\"><table><tbody><tr><td>Dia<\/td><td>Hora<\/td><td>Acte<\/td><\/tr><tr><td>Divendres 12 d&#8217;abril<\/td><td>19 h<\/td><td>Projecci\u00f3 dels films:<br>Pere comellas 1982-1942 un pioner empordan\u00e8s<br>Desfilada per GIrona &#8211; 1940<br>Tirant l&#8217;art anys 50 a Roses<br>El tren de Sant Feliu de Gu\u00edxols &#8211; 1969<\/td><\/tr><\/tbody><\/table><\/figure>\n\n\n\n<h2 class=\"wp-block-heading\"><strong>Exposicions d\u2019art<\/strong><\/h2>\n\n\n\n<figure class=\"wp-block-table\"><table><tbody><tr><td>Dia<\/td><td>Acte<\/td><\/tr><tr><td>Del 17 de febrer al 31 de mar\u00e7<\/td><td>&#8220;Glu&#8221; de MC17<\/td><\/tr><tr><td>Del 6 d&#8217;abril al 26 de maig<\/td><td>&#8220;La veu de l&#8217;\u00e0nima&#8221; de Montse Scintilla<\/td><\/tr><\/tbody><\/table><\/figure>\n\n\n\n<p><\/p>\n","protected":false},"excerpt":{"rendered":"<p>Cicle literari Dia Hora Acte Dissabte 13 degener 19 h Presentaci\u00f3 del llibre: &#8220;Seis a\u00f1os, una setencia&#8221; de Marta Serrano<\/p>\n","protected":false},"author":1,"featured_media":0,"parent":0,"menu_order":0,"comment_status":"closed","ping_status":"closed","template":"","meta":{"footnotes":""},"class_list":["post-2083","page","type-page","status-publish","hentry"],"_links":{"self":[{"href":"https:\/\/irla.cat\/casairla\/wp-json\/wp\/v2\/pages\/2083","targetHints":{"allow":["GET"]}}],"collection":[{"href":"https:\/\/irla.cat\/casairla\/wp-json\/wp\/v2\/pages"}],"about":[{"href":"https:\/\/irla.cat\/casairla\/wp-json\/wp\/v2\/types\/page"}],"author":[{"embeddable":true,"href":"https:\/\/irla.cat\/casairla\/wp-json\/wp\/v2\/users\/1"}],"replies":[{"embeddable":true,"href":"https:\/\/irla.cat\/casairla\/wp-json\/wp\/v2\/comments?post=2083"}],"version-history":[{"count":4,"href":"https:\/\/irla.cat\/casairla\/wp-json\/wp\/v2\/pages\/2083\/revisions"}],"predecessor-version":[{"id":2205,"href":"https:\/\/irla.cat\/casairla\/wp-json\/wp\/v2\/pages\/2083\/revisions\/2205"}],"wp:attachment":[{"href":"https:\/\/irla.cat\/casairla\/wp-json\/wp\/v2\/media?parent=2083"}],"curies":[{"name":"wp","href":"https:\/\/api.w.org\/{rel}","templated":true}]}}